{"id":2365,"date":"2020-08-19T18:40:35","date_gmt":"2020-08-19T21:40:35","guid":{"rendered":"https:\/\/www.mouravidros.com.br\/site\/?page_id=2365"},"modified":"2025-06-30T19:50:57","modified_gmt":"2025-06-30T22:50:57","slug":"garantia-ajustes-regulagem-e-quadros-moura-vidros-vidracaria","status":"publish","type":"page","link":"https:\/\/www.mouravidros.com.br\/site\/garantia-ajustes-regulagem-e-quadros-moura-vidros-vidracaria\/","title":{"rendered":"GARANTIA AJUSTES\/REGULAGEM E QUADROS &#8211; MOURA VIDROS VIDRA\u00c7ARIA"},"content":{"rendered":"\t\t<div data-elementor-type=\"wp-page\" data-elementor-id=\"2365\" class=\"elementor elementor-2365\" data-elementor-post-type=\"page\">\n\t\t\t\t\t\t<section class=\"elementor-section elementor-top-section elementor-element elementor-element-341faa84 elementor-section-boxed elementor-section-height-default elementor-section-height-default\" data-id=\"341faa84\" data-element_type=\"section\" data-e-type=\"section\">\n\t\t\t\t\t\t<div class=\"elementor-container elementor-column-gap-default\">\n\t\t\t\t\t<div class=\"elementor-column elementor-col-100 elementor-top-column elementor-element elementor-element-1d6588f\" data-id=\"1d6588f\" data-element_type=\"column\" data-e-type=\"column\">\n\t\t\t<div class=\"elementor-widget-wrap elementor-element-populated\">\n\t\t\t\t\t\t<section class=\"elementor-section elementor-inner-section elementor-element elementor-element-2e45a209 elementor-section-boxed elementor-section-height-default elementor-section-height-default\" data-id=\"2e45a209\" data-element_type=\"section\" data-e-type=\"section\">\n\t\t\t\t\t\t<div class=\"elementor-container elementor-column-gap-default\">\n\t\t\t\t\t<div class=\"elementor-column elementor-col-33 elementor-inner-column elementor-element elementor-element-6dface02\" data-id=\"6dface02\" data-element_type=\"column\" data-e-type=\"column\">\n\t\t\t<div class=\"elementor-widget-wrap elementor-element-populated\">\n\t\t\t\t\t\t<div class=\"elementor-element elementor-element-38b72531 elementor-widget elementor-widget-theme-site-logo elementor-widget-image\" data-id=\"38b72531\" data-element_type=\"widget\" data-e-type=\"widget\" data-widget_type=\"theme-site-logo.default\">\n\t\t\t\t<div class=\"elementor-widget-container\">\n\t\t\t\t\t\t\t\t\t\t\t<a href=\"https:\/\/www.mouravidros.com.br\/site\">\n\t\t\t<img decoding=\"async\" width=\"300\" height=\"93\" src=\"https:\/\/www.mouravidros.com.br\/site\/wp-content\/uploads\/2020\/08\/cropped-logo-mouravidros-1.png\" class=\"attachment-full size-full wp-image-2342\" alt=\"\" \/>\t\t\t\t<\/a>\n\t\t\t\t\t\t\t\t\t\t\t<\/div>\n\t\t\t\t<\/div>\n\t\t\t\t\t<\/div>\n\t\t<\/div>\n\t\t\t\t<div class=\"elementor-column elementor-col-33 elementor-inner-column elementor-element elementor-element-590dc43c\" data-id=\"590dc43c\" data-element_type=\"column\" data-e-type=\"column\">\n\t\t\t<div class=\"elementor-widget-wrap elementor-element-populated\">\n\t\t\t\t\t\t<div class=\"elementor-element elementor-element-2f6cb4a elementor-nav-menu__align-center elementor-nav-menu--dropdown-tablet elementor-nav-menu__text-align-aside elementor-nav-menu--toggle elementor-nav-menu--burger elementor-widget elementor-widget-nav-menu\" data-id=\"2f6cb4a\" data-element_type=\"widget\" data-e-type=\"widget\" data-settings=\"{&quot;layout&quot;:&quot;horizontal&quot;,&quot;submenu_icon&quot;:{&quot;value&quot;:&quot;&lt;i class=\\&quot;fas fa-caret-down\\&quot;&gt;&lt;\\\/i&gt;&quot;,&quot;library&quot;:&quot;fa-solid&quot;},&quot;toggle&quot;:&quot;burger&quot;}\" data-widget_type=\"nav-menu.default\">\n\t\t\t\t<div class=\"elementor-widget-container\">\n\t\t\t\t\t\t\t\t<nav aria-label=\"Menu\" class=\"elementor-nav-menu--main elementor-nav-menu__container elementor-nav-menu--layout-horizontal e--pointer-underline e--animation-fade\">\n\t\t\t\t<ul id=\"menu-1-2f6cb4a\" class=\"elementor-nav-menu\"><li class=\"menu-item menu-item-type-post_type menu-item-object-page menu-item-home menu-item-2455\"><a href=\"https:\/\/www.mouravidros.com.br\/site\/\" class=\"elementor-item\">Home<\/a><\/li>\n<li class=\"menu-item menu-item-type-post_type menu-item-object-page menu-item-2391\"><a href=\"https:\/\/www.mouravidros.com.br\/site\/quem-somos-moura-vidros-vidracaria\/\" class=\"elementor-item\">Quem Somos<\/a><\/li>\n<li class=\"menu-item menu-item-type-post_type menu-item-object-page menu-item-2404\"><a href=\"https:\/\/www.mouravidros.com.br\/site\/conheca-as-nossas-garantias-moura-vidros-vidracaria\/\" class=\"elementor-item\">Garantias<\/a><\/li>\n<li class=\"menu-item menu-item-type-post_type menu-item-object-page menu-item-2712\"><a href=\"https:\/\/www.mouravidros.com.br\/site\/atendimento\/\" class=\"elementor-item\">Atendimento<\/a><\/li>\n<\/ul>\t\t\t<\/nav>\n\t\t\t\t\t<div class=\"elementor-menu-toggle\" role=\"button\" tabindex=\"0\" aria-label=\"Alternar menu\" aria-expanded=\"false\">\n\t\t\t<i aria-hidden=\"true\" role=\"presentation\" class=\"elementor-menu-toggle__icon--open eicon-menu-bar\"><\/i><i aria-hidden=\"true\" role=\"presentation\" class=\"elementor-menu-toggle__icon--close eicon-close\"><\/i>\t\t<\/div>\n\t\t\t\t\t<nav class=\"elementor-nav-menu--dropdown elementor-nav-menu__container\" aria-hidden=\"true\">\n\t\t\t\t<ul id=\"menu-2-2f6cb4a\" class=\"elementor-nav-menu\"><li class=\"menu-item menu-item-type-post_type menu-item-object-page menu-item-home menu-item-2455\"><a href=\"https:\/\/www.mouravidros.com.br\/site\/\" class=\"elementor-item\" tabindex=\"-1\">Home<\/a><\/li>\n<li class=\"menu-item menu-item-type-post_type menu-item-object-page menu-item-2391\"><a href=\"https:\/\/www.mouravidros.com.br\/site\/quem-somos-moura-vidros-vidracaria\/\" class=\"elementor-item\" tabindex=\"-1\">Quem Somos<\/a><\/li>\n<li class=\"menu-item menu-item-type-post_type menu-item-object-page menu-item-2404\"><a href=\"https:\/\/www.mouravidros.com.br\/site\/conheca-as-nossas-garantias-moura-vidros-vidracaria\/\" class=\"elementor-item\" tabindex=\"-1\">Garantias<\/a><\/li>\n<li class=\"menu-item menu-item-type-post_type menu-item-object-page menu-item-2712\"><a href=\"https:\/\/www.mouravidros.com.br\/site\/atendimento\/\" class=\"elementor-item\" tabindex=\"-1\">Atendimento<\/a><\/li>\n<\/ul>\t\t\t<\/nav>\n\t\t\t\t\t\t<\/div>\n\t\t\t\t<\/div>\n\t\t\t\t\t<\/div>\n\t\t<\/div>\n\t\t\t\t<div class=\"elementor-column elementor-col-33 elementor-inner-column elementor-element elementor-element-43c6a3e6\" data-id=\"43c6a3e6\" data-element_type=\"column\" data-e-type=\"column\">\n\t\t\t<div class=\"elementor-widget-wrap elementor-element-populated\">\n\t\t\t\t\t\t<div class=\"elementor-element elementor-element-2e3f08a6 elementor-widget elementor-widget-text-editor\" data-id=\"2e3f08a6\" data-element_type=\"widget\" data-e-type=\"widget\" data-widget_type=\"text-editor.default\">\n\t\t\t\t<div class=\"elementor-widget-container\">\n\t\t\t\t\t\t\t\t\t<h5><a href=\"https:\/\/www.mouravidros.com.br\/loja1\"><strong>NOSSOS PRODUTOS<\/strong><\/a><\/h5>\t\t\t\t\t\t\t\t<\/div>\n\t\t\t\t<\/div>\n\t\t\t\t\t<\/div>\n\t\t<\/div>\n\t\t\t\t\t<\/div>\n\t\t<\/section>\n\t\t\t\t\t<\/div>\n\t\t<\/div>\n\t\t\t\t\t<\/div>\n\t\t<\/section>\n\t\t\t\t<section class=\"elementor-section elementor-top-section elementor-element elementor-element-ecf9d1c elementor-section-boxed elementor-section-height-default elementor-section-height-default\" data-id=\"ecf9d1c\" data-element_type=\"section\" data-e-type=\"section\">\n\t\t\t\t\t\t<div class=\"elementor-container elementor-column-gap-default\">\n\t\t\t\t\t<div class=\"elementor-column elementor-col-100 elementor-top-column elementor-element elementor-element-28252a8\" data-id=\"28252a8\" data-element_type=\"column\" data-e-type=\"column\">\n\t\t\t<div class=\"elementor-widget-wrap elementor-element-populated\">\n\t\t\t\t\t\t<div class=\"elementor-element elementor-element-079d1d8 elementor-widget elementor-widget-heading\" data-id=\"079d1d8\" data-element_type=\"widget\" data-e-type=\"widget\" data-widget_type=\"heading.default\">\n\t\t\t\t<div class=\"elementor-widget-container\">\n\t\t\t\t\t<h2 class=\"elementor-heading-title elementor-size-default\">GARANTIA AJUSTES\/REGULAGEM E QUADROS<\/h2>\t\t\t\t<\/div>\n\t\t\t\t<\/div>\n\t\t\t\t<div class=\"elementor-element elementor-element-3182023 elementor-widget elementor-widget-text-editor\" data-id=\"3182023\" data-element_type=\"widget\" data-e-type=\"widget\" data-widget_type=\"text-editor.default\">\n\t\t\t\t<div class=\"elementor-widget-container\">\n\t\t\t\t\t\t\t\t\t<p>O prazo de garantia para quadros \u00e9 de 3 (tr\u00eas) meses de garantia legal acrescido de 9 (nove) meses de garantia contratual, totalizando 12 (doze) meses*.<\/p><p>\u00a0<\/p><div>O prazo de garantia para Servi\u00e7os de regulagem sem substitui\u00e7\u00e3o de pe\u00e7as\u00a0 \u00e9 de 3 (tr\u00eas) meses.<\/div><div>A garantia n\u00e3o cobre:<\/div><div>\u00a0<\/div><div>*Riscos ou arranh\u00f5es e trincos ou quebras;<\/div><div>\u00a0<\/div><div>*Os defeitos decorrentes de desgaste causado por eventos da natureza como por exemplo: Chuva, Sol, maresia&#8230; ;<\/div><div>\u00a0<\/div><div>*manchas d&#8217;\u00e1gua provenientes de mau uso.<\/div><div>\u00a0<\/div><div>A vida \u00fatil do seu produto depende de como ele ser\u00e1 utilizado e conservado ao longo do tempo. O vidro pode quebrar com o manuseio inadequado, em situa\u00e7\u00f5es de Impactos violentos na abertura ou fechamento da(s) porta(s), esfor\u00e7os mec\u00e2nicos excessivos e contato do vidro com materiais r\u00edgidos como por exemplo metal, m\u00e1rmore, azulejo, granito, etc.<\/div><div>\u00a0<\/div><div>Para conservar seu vidro mantenha-o sempre limpo e seco, seguindo as instru\u00e7\u00f5es abaixo:<\/div><div>\u00a0<\/div><div>&#8211; Nunca use produtos abrasivos, como lixa, palhas de a\u00e7o, materiais cortantes ou \u00e1cidos;<\/div><div>\u00a0<\/div><div>&#8211; Use somente \u00e1gua, sab\u00e3o ou detergente neutro ou produtos espec\u00edficos para limpeza de vidro;<\/div><div>\u00a0<\/div><div>&#8211; A perman\u00eancia de gotas d\u2019\u00e1gua pode provocar manchas d&#8217;\u00e1gua. Portanto, remova-as mantendo o vidro sempre limpo e seco;<\/div><div>\u00a0<\/div><div>&#8211; \u00c9 importante que seja feita a revis\u00e3o preventiva do produto a cada 12 meses, para garantir seu bom funcionamento mesmo que n\u00e3o apresente nenhuma irregularidade.<\/div>\t\t\t\t\t\t\t\t<\/div>\n\t\t\t\t<\/div>\n\t\t\t\t\t<\/div>\n\t\t<\/div>\n\t\t\t\t\t<\/div>\n\t\t<\/section>\n\t\t\t\t<section class=\"elementor-section elementor-top-section elementor-element elementor-element-067bae7 elementor-section-boxed elementor-section-height-default elementor-section-height-default\" data-id=\"067bae7\" data-element_type=\"section\" data-e-type=\"section\">\n\t\t\t\t\t\t<div class=\"elementor-container elementor-column-gap-default\">\n\t\t\t\t\t<div class=\"elementor-column elementor-col-100 elementor-top-column elementor-element elementor-element-7b55d20\" data-id=\"7b55d20\" data-element_type=\"column\" data-e-type=\"column\">\n\t\t\t<div class=\"elementor-widget-wrap elementor-element-populated\">\n\t\t\t\t\t\t<div class=\"elementor-element elementor-element-a4ccabb elementor-widget elementor-widget-heading\" data-id=\"a4ccabb\" data-element_type=\"widget\" data-e-type=\"widget\" data-widget_type=\"heading.default\">\n\t\t\t\t<div class=\"elementor-widget-container\">\n\t\t\t\t\t<h2 class=\"elementor-heading-title elementor-size-default\">NOSSOS ENDERE\u00c7OS<\/h2>\t\t\t\t<\/div>\n\t\t\t\t<\/div>\n\t\t\t\t\t<\/div>\n\t\t<\/div>\n\t\t\t\t\t<\/div>\n\t\t<\/section>\n\t\t\t\t<section class=\"elementor-section elementor-top-section elementor-element elementor-element-110e12d elementor-section-boxed elementor-section-height-default elementor-section-height-default\" data-id=\"110e12d\" data-element_type=\"section\" data-e-type=\"section\">\n\t\t\t\t\t\t<div class=\"elementor-container elementor-column-gap-extended\">\n\t\t\t\t\t<div class=\"elementor-column elementor-col-33 elementor-top-column elementor-element elementor-element-41ebddf\" data-id=\"41ebddf\" data-element_type=\"column\" data-e-type=\"column\">\n\t\t\t<div class=\"elementor-widget-wrap elementor-element-populated\">\n\t\t\t\t\t\t<div class=\"elementor-element elementor-element-3e608e8 elementor-widget elementor-widget-heading\" data-id=\"3e608e8\" data-element_type=\"widget\" data-e-type=\"widget\" data-widget_type=\"heading.default\">\n\t\t\t\t<div class=\"elementor-widget-container\">\n\t\t\t\t\t<h4 class=\"elementor-heading-title elementor-size-default\">ENDERE\u00c7O 1<\/h4>\t\t\t\t<\/div>\n\t\t\t\t<\/div>\n\t\t\t\t<div class=\"elementor-element elementor-element-e549c47 elementor-widget elementor-widget-text-editor\" data-id=\"e549c47\" data-element_type=\"widget\" data-e-type=\"widget\" data-widget_type=\"text-editor.default\">\n\t\t\t\t<div class=\"elementor-widget-container\">\n\t\t\t\t\t\t\t\t\t<p>Estrada de Bel\u00e9m, 1418 &#8211; Campo Grande<br \/>Recife &#8211; PE<br \/>CEP: 52030-000<br \/><b><\/b><strong><br \/><\/strong><strong>TELEFONE\/WHATSAPP:<\/strong><br \/><a href=\"https:\/\/wa.me\/558132421122?text=Quero%20mais%20informa%C3%A7%C3%B5es%20...\" target=\"_blank\" rel=\"noopener\">\u260e <img decoding=\"async\" class=\"alignnone wp-image-2291\" src=\"https:\/\/www.mouravidros.com.br\/site\/wp-content\/uploads\/2020\/08\/whatsapp-48.png\" alt=\"\" width=\"20\" height=\"20\" \/>\u00a0(81) 3242-1122<\/a><\/p><p><strong>HOR\u00c1RIO FUNCIONAMENTO<\/strong><br \/>Segunda \u00e0 sexta das 8:00 \u00e0s 17:00h<br \/>S\u00e1bados das 8:00 \u00e0s 12:00h<\/p>\t\t\t\t\t\t\t\t<\/div>\n\t\t\t\t<\/div>\n\t\t\t\t\t<\/div>\n\t\t<\/div>\n\t\t\t\t<div class=\"elementor-column elementor-col-66 elementor-top-column elementor-element elementor-element-7802ba5\" data-id=\"7802ba5\" data-element_type=\"column\" data-e-type=\"column\">\n\t\t\t<div class=\"elementor-widget-wrap elementor-element-populated\">\n\t\t\t\t\t\t<div class=\"elementor-element elementor-element-994083b elementor-widget elementor-widget-google_maps\" data-id=\"994083b\" data-element_type=\"widget\" data-e-type=\"widget\" data-widget_type=\"google_maps.default\">\n\t\t\t\t<div class=\"elementor-widget-container\">\n\t\t\t\t\t\t\t<div class=\"elementor-custom-embed\">\n\t\t\t<iframe loading=\"lazy\"\n\t\t\t\t\tsrc=\"https:\/\/maps.google.com\/maps?q=Estr.%20de%20Bel%C3%A9m%2C%201418%20-%20Campo%20Grande%20Recife%20-%20PE%2052031-000&#038;t=m&#038;z=15&#038;output=embed&#038;iwloc=near\"\n\t\t\t\t\ttitle=\"Estr. de Bel\u00e9m, 1418 - Campo Grande Recife - PE 52031-000\"\n\t\t\t\t\taria-label=\"Estr. de Bel\u00e9m, 1418 - Campo Grande Recife - PE 52031-000\"\n\t\t\t><\/iframe>\n\t\t<\/div>\n\t\t\t\t\t\t<\/div>\n\t\t\t\t<\/div>\n\t\t\t\t\t<\/div>\n\t\t<\/div>\n\t\t\t\t\t<\/div>\n\t\t<\/section>\n\t\t\t\t<section class=\"elementor-section elementor-top-section elementor-element elementor-element-4678919 elementor-section-boxed elementor-section-height-default elementor-section-height-default\" data-id=\"4678919\" data-element_type=\"section\" data-e-type=\"section\">\n\t\t\t\t\t\t<div class=\"elementor-container elementor-column-gap-default\">\n\t\t\t\t\t<div class=\"elementor-column elementor-col-33 elementor-top-column elementor-element elementor-element-38ad31e\" data-id=\"38ad31e\" data-element_type=\"column\" data-e-type=\"column\">\n\t\t\t<div class=\"elementor-widget-wrap elementor-element-populated\">\n\t\t\t\t\t\t<div class=\"elementor-element elementor-element-f58ea11 elementor-widget elementor-widget-heading\" data-id=\"f58ea11\" data-element_type=\"widget\" data-e-type=\"widget\" data-widget_type=\"heading.default\">\n\t\t\t\t<div class=\"elementor-widget-container\">\n\t\t\t\t\t<h4 class=\"elementor-heading-title elementor-size-default\">MATRIZ<\/h4>\t\t\t\t<\/div>\n\t\t\t\t<\/div>\n\t\t\t\t<div class=\"elementor-element elementor-element-63ef115 elementor-widget elementor-widget-text-editor\" data-id=\"63ef115\" data-element_type=\"widget\" data-e-type=\"widget\" data-widget_type=\"text-editor.default\">\n\t\t\t\t<div class=\"elementor-widget-container\">\n\t\t\t\t\t\t\t\t\t<p>Rua Padre Muniz, 306 &#8211; S\u00e3o Jos\u00e9<br \/>Recife &#8211; PE<br \/>CEP: 50020-350<\/p><p><strong>TELEFONE\/WHATSAPP:<\/strong><br \/><a href=\"https:\/\/wa.me\/558132242947?text=Quero%20mais%20informa%C3%A7%C3%B5es%20...\" target=\"_blank\" rel=\"noopener\">\u260e <img decoding=\"async\" class=\"alignnone wp-image-2291\" src=\"https:\/\/www.mouravidros.com.br\/site\/wp-content\/uploads\/2020\/08\/whatsapp-48.png\" alt=\"\" width=\"20\" height=\"20\" \/> (81) 3224-2947<\/a><\/p><p><strong>HOR\u00c1RIO FUNCIONAMENTO<\/strong><br \/>Segunda \u00e0 sexta das 8:00 \u00e0s 17:30h<br \/>S\u00e1bados das 8:00 \u00e0s 12:00h<\/p>\t\t\t\t\t\t\t\t<\/div>\n\t\t\t\t<\/div>\n\t\t\t\t\t<\/div>\n\t\t<\/div>\n\t\t\t\t<div class=\"elementor-column elementor-col-66 elementor-top-column elementor-element elementor-element-d437d88\" data-id=\"d437d88\" data-element_type=\"column\" data-e-type=\"column\">\n\t\t\t<div class=\"elementor-widget-wrap elementor-element-populated\">\n\t\t\t\t\t\t<div class=\"elementor-element elementor-element-433aede elementor-widget elementor-widget-google_maps\" data-id=\"433aede\" data-element_type=\"widget\" data-e-type=\"widget\" data-widget_type=\"google_maps.default\">\n\t\t\t\t<div class=\"elementor-widget-container\">\n\t\t\t\t\t\t\t<div class=\"elementor-custom-embed\">\n\t\t\t<iframe loading=\"lazy\"\n\t\t\t\t\tsrc=\"https:\/\/maps.google.com\/maps?q=R.%20Padre%20Muniz%2C%20306%20-%20S%C3%A3o%20Jos%C3%A9%20Recife%20-%20PE%2050020-350&#038;t=m&#038;z=15&#038;output=embed&#038;iwloc=near\"\n\t\t\t\t\ttitle=\"R. Padre Muniz, 306 - S\u00e3o Jos\u00e9 Recife - PE 50020-350\"\n\t\t\t\t\taria-label=\"R. Padre Muniz, 306 - S\u00e3o Jos\u00e9 Recife - PE 50020-350\"\n\t\t\t><\/iframe>\n\t\t<\/div>\n\t\t\t\t\t\t<\/div>\n\t\t\t\t<\/div>\n\t\t\t\t\t<\/div>\n\t\t<\/div>\n\t\t\t\t\t<\/div>\n\t\t<\/section>\n\t\t\t\t<section class=\"elementor-section elementor-top-section elementor-element elementor-element-0be8f35 elementor-section-stretched elementor-section-full_width elementor-section-height-default elementor-section-height-default\" data-id=\"0be8f35\" data-element_type=\"section\" data-e-type=\"section\" data-settings=\"{&quot;background_background&quot;:&quot;gradient&quot;,&quot;stretch_section&quot;:&quot;section-stretched&quot;}\">\n\t\t\t\t\t\t<div class=\"elementor-container elementor-column-gap-default\">\n\t\t\t\t\t<div class=\"elementor-column elementor-col-33 elementor-top-column elementor-element elementor-element-40316f1\" data-id=\"40316f1\" data-element_type=\"column\" data-e-type=\"column\">\n\t\t\t<div class=\"elementor-widget-wrap elementor-element-populated\">\n\t\t\t\t\t\t<div class=\"elementor-element elementor-element-0fcfb27 elementor-widget elementor-widget-text-editor\" data-id=\"0fcfb27\" data-element_type=\"widget\" data-e-type=\"widget\" data-widget_type=\"text-editor.default\">\n\t\t\t\t<div class=\"elementor-widget-container\">\n\t\t\t\t\t\t\t\t\t<p><strong>NOSSOS TELEFONES<br \/><\/strong><\/p><p><a href=\"https:\/\/wa.me\/558132421122?text=Quero%20mais%20informa%C3%A7%C3%B5es%20...\" target=\"_blank\" rel=\"noopener\">\u260e <img decoding=\"async\" class=\"alignnone wp-image-2291\" src=\"https:\/\/www.mouravidros.com.br\/site\/wp-content\/uploads\/2020\/08\/whatsapp-48.png\" alt=\"\" width=\"20\" height=\"20\" \/>\u00a0(81) 3242-1122<\/a><br \/><a href=\"https:\/\/wa.me\/558132242947?text=Quero%20mais%20informa%C3%A7%C3%B5es%20...\" target=\"_blank\" rel=\"noopener\">\u260e <img decoding=\"async\" class=\"alignnone wp-image-2291\" src=\"https:\/\/www.mouravidros.com.br\/site\/wp-content\/uploads\/2020\/08\/whatsapp-48.png\" alt=\"\" width=\"20\" height=\"20\" \/> (81) 3224-2947<\/a><\/p>\t\t\t\t\t\t\t\t<\/div>\n\t\t\t\t<\/div>\n\t\t\t\t\t<\/div>\n\t\t<\/div>\n\t\t\t\t<div class=\"elementor-column elementor-col-33 elementor-top-column elementor-element elementor-element-e7fb515\" data-id=\"e7fb515\" data-element_type=\"column\" data-e-type=\"column\">\n\t\t\t<div class=\"elementor-widget-wrap\">\n\t\t\t\t\t\t\t<\/div>\n\t\t<\/div>\n\t\t\t\t<div class=\"elementor-column elementor-col-33 elementor-top-column elementor-element elementor-element-dd2276f\" data-id=\"dd2276f\" data-element_type=\"column\" data-e-type=\"column\">\n\t\t\t<div class=\"elementor-widget-wrap elementor-element-populated\">\n\t\t\t\t\t\t<div class=\"elementor-element elementor-element-7980d53 elementor-shape-rounded elementor-grid-0 e-grid-align-center elementor-widget elementor-widget-social-icons\" data-id=\"7980d53\" data-element_type=\"widget\" data-e-type=\"widget\" data-widget_type=\"social-icons.default\">\n\t\t\t\t<div class=\"elementor-widget-container\">\n\t\t\t\t\t\t\t<div class=\"elementor-social-icons-wrapper elementor-grid\" role=\"list\">\n\t\t\t\t\t\t\t<span class=\"elementor-grid-item\" role=\"listitem\">\n\t\t\t\t\t<a class=\"elementor-icon elementor-social-icon elementor-social-icon-youtube elementor-repeater-item-acdff3b\" target=\"_blank\">\n\t\t\t\t\t\t<span class=\"elementor-screen-only\">Youtube<\/span>\n\t\t\t\t\t\t<i aria-hidden=\"true\" class=\"fab fa-youtube\"><\/i>\t\t\t\t\t<\/a>\n\t\t\t\t<\/span>\n\t\t\t\t\t\t\t<span class=\"elementor-grid-item\" role=\"listitem\">\n\t\t\t\t\t<a class=\"elementor-icon elementor-social-icon elementor-social-icon-instagram elementor-repeater-item-d845861\" target=\"_blank\">\n\t\t\t\t\t\t<span class=\"elementor-screen-only\">Instagram<\/span>\n\t\t\t\t\t\t<i aria-hidden=\"true\" class=\"fab fa-instagram\"><\/i>\t\t\t\t\t<\/a>\n\t\t\t\t<\/span>\n\t\t\t\t\t\t\t<span class=\"elementor-grid-item\" role=\"listitem\">\n\t\t\t\t\t<a class=\"elementor-icon elementor-social-icon elementor-social-icon-facebook elementor-repeater-item-a901f3c\" target=\"_blank\">\n\t\t\t\t\t\t<span class=\"elementor-screen-only\">Facebook<\/span>\n\t\t\t\t\t\t<i aria-hidden=\"true\" class=\"fab fa-facebook\"><\/i>\t\t\t\t\t<\/a>\n\t\t\t\t<\/span>\n\t\t\t\t\t<\/div>\n\t\t\t\t\t\t<\/div>\n\t\t\t\t<\/div>\n\t\t\t\t<div class=\"elementor-element elementor-element-f8dcc14 elementor-widget elementor-widget-text-editor\" data-id=\"f8dcc14\" data-element_type=\"widget\" data-e-type=\"widget\" data-widget_type=\"text-editor.default\">\n\t\t\t\t<div class=\"elementor-widget-container\">\n\t\t\t\t\t\t\t\t\t<p>Todos Direitos Reservados \u00e0 MouraVidros<\/p>\t\t\t\t\t\t\t\t<\/div>\n\t\t\t\t<\/div>\n\t\t\t\t\t<\/div>\n\t\t<\/div>\n\t\t\t\t\t<\/div>\n\t\t<\/section>\n\t\t\t\t<\/div>\n\t\t","protected":false},"excerpt":{"rendered":"<p>NOSSOS PRODUTOS GARANTIA AJUSTES\/REGULAGEM E QUADROS O prazo de garantia para quadros \u00e9 de 3 (tr\u00eas) meses de garantia legal acrescido de 9 (nove) meses de garantia contratual, totalizando 12 (doze) meses*. \u00a0 O prazo de garantia para Servi\u00e7os de regulagem sem substitui\u00e7\u00e3o de pe\u00e7as\u00a0 \u00e9 de 3 (tr\u00eas) meses.A garantia n\u00e3o cobre:\u00a0*Riscos ou arranh\u00f5es [&hellip;]<\/p>\n","protected":false},"author":1,"featured_media":0,"parent":0,"menu_order":0,"comment_status":"closed","ping_status":"closed","template":"elementor_canvas","meta":{"footnotes":""},"class_list":["post-2365","page","type-page","status-publish","hentry"],"_links":{"self":[{"href":"https:\/\/www.mouravidros.com.br\/site\/wp-json\/wp\/v2\/pages\/2365","targetHints":{"allow":["GET"]}}],"collection":[{"href":"https:\/\/www.mouravidros.com.br\/site\/wp-json\/wp\/v2\/pages"}],"about":[{"href":"https:\/\/www.mouravidros.com.br\/site\/wp-json\/wp\/v2\/types\/page"}],"author":[{"embeddable":true,"href":"https:\/\/www.mouravidros.com.br\/site\/wp-json\/wp\/v2\/users\/1"}],"replies":[{"embeddable":true,"href":"https:\/\/www.mouravidros.com.br\/site\/wp-json\/wp\/v2\/comments?post=2365"}],"version-history":[{"count":12,"href":"https:\/\/www.mouravidros.com.br\/site\/wp-json\/wp\/v2\/pages\/2365\/revisions"}],"predecessor-version":[{"id":2576,"href":"https:\/\/www.mouravidros.com.br\/site\/wp-json\/wp\/v2\/pages\/2365\/revisions\/2576"}],"wp:attachment":[{"href":"https:\/\/www.mouravidros.com.br\/site\/wp-json\/wp\/v2\/media?parent=2365"}],"curies":[{"name":"wp","href":"https:\/\/api.w.org\/{rel}","templated":true}]}}