{"id":2400,"date":"2020-08-20T15:37:46","date_gmt":"2020-08-20T18:37:46","guid":{"rendered":"https:\/\/www.mouravidros.com.br\/site\/?page_id=2400"},"modified":"2025-06-30T19:49:59","modified_gmt":"2025-06-30T22:49:59","slug":"conheca-as-nossas-garantias-moura-vidros-vidracaria","status":"publish","type":"page","link":"https:\/\/www.mouravidros.com.br\/site\/conheca-as-nossas-garantias-moura-vidros-vidracaria\/","title":{"rendered":"CONHE\u00c7A AS NOSSAS GARANTIAS &#8211; MOURA VIDROS VIDRA\u00c7ARIA"},"content":{"rendered":"\t\t<div data-elementor-type=\"wp-page\" data-elementor-id=\"2400\" class=\"elementor elementor-2400\" data-elementor-post-type=\"page\">\n\t\t\t\t\t\t<section class=\"elementor-section elementor-top-section elementor-element elementor-element-5a600fee elementor-section-boxed elementor-section-height-default elementor-section-height-default\" data-id=\"5a600fee\" data-element_type=\"section\" data-e-type=\"section\">\n\t\t\t\t\t\t<div class=\"elementor-container elementor-column-gap-default\">\n\t\t\t\t\t<div class=\"elementor-column elementor-col-100 elementor-top-column elementor-element elementor-element-1ad2ca80\" data-id=\"1ad2ca80\" data-element_type=\"column\" data-e-type=\"column\">\n\t\t\t<div class=\"elementor-widget-wrap elementor-element-populated\">\n\t\t\t\t\t\t<section class=\"elementor-section elementor-inner-section elementor-element elementor-element-11ba77d3 elementor-section-boxed elementor-section-height-default elementor-section-height-default\" data-id=\"11ba77d3\" data-element_type=\"section\" data-e-type=\"section\">\n\t\t\t\t\t\t<div class=\"elementor-container elementor-column-gap-default\">\n\t\t\t\t\t<div class=\"elementor-column elementor-col-33 elementor-inner-column elementor-element elementor-element-35b994bd\" data-id=\"35b994bd\" data-element_type=\"column\" data-e-type=\"column\">\n\t\t\t<div class=\"elementor-widget-wrap elementor-element-populated\">\n\t\t\t\t\t\t<div class=\"elementor-element elementor-element-590d04a0 elementor-widget elementor-widget-theme-site-logo elementor-widget-image\" data-id=\"590d04a0\" data-element_type=\"widget\" data-e-type=\"widget\" data-widget_type=\"theme-site-logo.default\">\n\t\t\t\t<div class=\"elementor-widget-container\">\n\t\t\t\t\t\t\t\t\t\t\t<a href=\"https:\/\/www.mouravidros.com.br\/site\">\n\t\t\t<img decoding=\"async\" width=\"300\" height=\"93\" src=\"https:\/\/www.mouravidros.com.br\/site\/wp-content\/uploads\/2020\/08\/cropped-logo-mouravidros-1.png\" class=\"attachment-full size-full wp-image-2342\" alt=\"\" \/>\t\t\t\t<\/a>\n\t\t\t\t\t\t\t\t\t\t\t<\/div>\n\t\t\t\t<\/div>\n\t\t\t\t\t<\/div>\n\t\t<\/div>\n\t\t\t\t<div class=\"elementor-column elementor-col-33 elementor-inner-column elementor-element elementor-element-687e5dd7\" data-id=\"687e5dd7\" data-element_type=\"column\" data-e-type=\"column\">\n\t\t\t<div class=\"elementor-widget-wrap elementor-element-populated\">\n\t\t\t\t\t\t<div class=\"elementor-element elementor-element-74c5c299 elementor-nav-menu__align-center elementor-nav-menu--dropdown-tablet elementor-nav-menu__text-align-aside elementor-nav-menu--toggle elementor-nav-menu--burger elementor-widget elementor-widget-nav-menu\" data-id=\"74c5c299\" data-element_type=\"widget\" data-e-type=\"widget\" data-settings=\"{&quot;layout&quot;:&quot;horizontal&quot;,&quot;submenu_icon&quot;:{&quot;value&quot;:&quot;&lt;i class=\\&quot;fas fa-caret-down\\&quot;&gt;&lt;\\\/i&gt;&quot;,&quot;library&quot;:&quot;fa-solid&quot;},&quot;toggle&quot;:&quot;burger&quot;}\" data-widget_type=\"nav-menu.default\">\n\t\t\t\t<div class=\"elementor-widget-container\">\n\t\t\t\t\t\t\t\t<nav aria-label=\"Menu\" class=\"elementor-nav-menu--main elementor-nav-menu__container elementor-nav-menu--layout-horizontal e--pointer-underline e--animation-fade\">\n\t\t\t\t<ul id=\"menu-1-74c5c299\" class=\"elementor-nav-menu\"><li class=\"menu-item menu-item-type-post_type menu-item-object-page menu-item-home menu-item-2455\"><a href=\"https:\/\/www.mouravidros.com.br\/site\/\" class=\"elementor-item\">Home<\/a><\/li>\n<li class=\"menu-item menu-item-type-post_type menu-item-object-page menu-item-2391\"><a href=\"https:\/\/www.mouravidros.com.br\/site\/quem-somos-moura-vidros-vidracaria\/\" class=\"elementor-item\">Quem Somos<\/a><\/li>\n<li class=\"menu-item menu-item-type-post_type menu-item-object-page menu-item-2404\"><a href=\"https:\/\/www.mouravidros.com.br\/site\/conheca-as-nossas-garantias-moura-vidros-vidracaria\/\" class=\"elementor-item\">Garantias<\/a><\/li>\n<li class=\"menu-item menu-item-type-post_type menu-item-object-page menu-item-2712\"><a href=\"https:\/\/www.mouravidros.com.br\/site\/atendimento\/\" class=\"elementor-item\">Atendimento<\/a><\/li>\n<\/ul>\t\t\t<\/nav>\n\t\t\t\t\t<div class=\"elementor-menu-toggle\" role=\"button\" tabindex=\"0\" aria-label=\"Alternar menu\" aria-expanded=\"false\">\n\t\t\t<i aria-hidden=\"true\" role=\"presentation\" class=\"elementor-menu-toggle__icon--open eicon-menu-bar\"><\/i><i aria-hidden=\"true\" role=\"presentation\" class=\"elementor-menu-toggle__icon--close eicon-close\"><\/i>\t\t<\/div>\n\t\t\t\t\t<nav class=\"elementor-nav-menu--dropdown elementor-nav-menu__container\" aria-hidden=\"true\">\n\t\t\t\t<ul id=\"menu-2-74c5c299\" class=\"elementor-nav-menu\"><li class=\"menu-item menu-item-type-post_type menu-item-object-page menu-item-home menu-item-2455\"><a href=\"https:\/\/www.mouravidros.com.br\/site\/\" class=\"elementor-item\" tabindex=\"-1\">Home<\/a><\/li>\n<li class=\"menu-item menu-item-type-post_type menu-item-object-page menu-item-2391\"><a href=\"https:\/\/www.mouravidros.com.br\/site\/quem-somos-moura-vidros-vidracaria\/\" class=\"elementor-item\" tabindex=\"-1\">Quem Somos<\/a><\/li>\n<li class=\"menu-item menu-item-type-post_type menu-item-object-page menu-item-2404\"><a href=\"https:\/\/www.mouravidros.com.br\/site\/conheca-as-nossas-garantias-moura-vidros-vidracaria\/\" class=\"elementor-item\" tabindex=\"-1\">Garantias<\/a><\/li>\n<li class=\"menu-item menu-item-type-post_type menu-item-object-page menu-item-2712\"><a href=\"https:\/\/www.mouravidros.com.br\/site\/atendimento\/\" class=\"elementor-item\" tabindex=\"-1\">Atendimento<\/a><\/li>\n<\/ul>\t\t\t<\/nav>\n\t\t\t\t\t\t<\/div>\n\t\t\t\t<\/div>\n\t\t\t\t\t<\/div>\n\t\t<\/div>\n\t\t\t\t<div class=\"elementor-column elementor-col-33 elementor-inner-column elementor-element elementor-element-46fcb0ae\" data-id=\"46fcb0ae\" data-element_type=\"column\" data-e-type=\"column\">\n\t\t\t<div class=\"elementor-widget-wrap elementor-element-populated\">\n\t\t\t\t\t\t<div class=\"elementor-element elementor-element-136fa1e0 elementor-widget elementor-widget-text-editor\" data-id=\"136fa1e0\" data-element_type=\"widget\" data-e-type=\"widget\" data-widget_type=\"text-editor.default\">\n\t\t\t\t<div class=\"elementor-widget-container\">\n\t\t\t\t\t\t\t\t\t<h5><a href=\"https:\/\/www.mouravidros.com.br\/loja1\"><strong>NOSSOS PRODUTOS<\/strong><\/a><\/h5>\t\t\t\t\t\t\t\t<\/div>\n\t\t\t\t<\/div>\n\t\t\t\t\t<\/div>\n\t\t<\/div>\n\t\t\t\t\t<\/div>\n\t\t<\/section>\n\t\t\t\t\t<\/div>\n\t\t<\/div>\n\t\t\t\t\t<\/div>\n\t\t<\/section>\n\t\t\t\t<section class=\"elementor-section elementor-top-section elementor-element elementor-element-ecf9d1c elementor-section-boxed elementor-section-height-default elementor-section-height-default\" data-id=\"ecf9d1c\" data-element_type=\"section\" data-e-type=\"section\">\n\t\t\t\t\t\t<div class=\"elementor-container elementor-column-gap-default\">\n\t\t\t\t\t<div class=\"elementor-column elementor-col-100 elementor-top-column elementor-element elementor-element-28252a8\" data-id=\"28252a8\" data-element_type=\"column\" data-e-type=\"column\">\n\t\t\t<div class=\"elementor-widget-wrap elementor-element-populated\">\n\t\t\t\t\t\t<div class=\"elementor-element elementor-element-079d1d8 elementor-widget elementor-widget-heading\" data-id=\"079d1d8\" data-element_type=\"widget\" data-e-type=\"widget\" data-widget_type=\"heading.default\">\n\t\t\t\t<div class=\"elementor-widget-container\">\n\t\t\t\t\t<h2 class=\"elementor-heading-title elementor-size-default\">CONHE\u00c7A AS NOSSAS GARANTIAS<\/h2>\t\t\t\t<\/div>\n\t\t\t\t<\/div>\n\t\t\t\t<div class=\"elementor-element elementor-element-3182023 elementor-widget elementor-widget-text-editor\" data-id=\"3182023\" data-element_type=\"widget\" data-e-type=\"widget\" data-widget_type=\"text-editor.default\">\n\t\t\t\t<div class=\"elementor-widget-container\">\n\t\t\t\t\t\t\t\t\t<p>GARANTIA DE PRODUTOS COM INSTALA\u00c7\u00c3O <a href=\"https:\/\/www.mouravidros.com.br\/site\/garantia-de-produtos-com-instalacao-moura-vidros-vidracaria\/\">(veja detalhes)\u2192\u2192\u2192<\/a><\/p><p>GARANTIA ESPELHO <a href=\"https:\/\/www.mouravidros.com.br\/site\/garantia-espelho-moura-vidros-vidracaria\/\">(veja detalhes)\u2192\u2192\u2192<\/a><\/p><p>GARANTIA AJUSTES\/REGULAGEM E QUADROS <a href=\"https:\/\/www.mouravidros.com.br\/site\/garantia-ajustes-regulagem-e-quadros-moura-vidros-vidracaria\/\">(veja detalhes)\u2192\u2192\u2192<\/a><\/p>\t\t\t\t\t\t\t\t<\/div>\n\t\t\t\t<\/div>\n\t\t\t\t\t<\/div>\n\t\t<\/div>\n\t\t\t\t\t<\/div>\n\t\t<\/section>\n\t\t\t\t<section class=\"elementor-section elementor-top-section elementor-element elementor-element-067bae7 elementor-section-boxed elementor-section-height-default elementor-section-height-default\" data-id=\"067bae7\" data-element_type=\"section\" data-e-type=\"section\">\n\t\t\t\t\t\t<div class=\"elementor-container elementor-column-gap-default\">\n\t\t\t\t\t<div class=\"elementor-column elementor-col-100 elementor-top-column elementor-element elementor-element-7b55d20\" data-id=\"7b55d20\" data-element_type=\"column\" data-e-type=\"column\">\n\t\t\t<div class=\"elementor-widget-wrap elementor-element-populated\">\n\t\t\t\t\t\t<div class=\"elementor-element elementor-element-a4ccabb elementor-widget elementor-widget-heading\" data-id=\"a4ccabb\" data-element_type=\"widget\" data-e-type=\"widget\" data-widget_type=\"heading.default\">\n\t\t\t\t<div class=\"elementor-widget-container\">\n\t\t\t\t\t<h2 class=\"elementor-heading-title elementor-size-default\">NOSSOS ENDERE\u00c7OS<\/h2>\t\t\t\t<\/div>\n\t\t\t\t<\/div>\n\t\t\t\t\t<\/div>\n\t\t<\/div>\n\t\t\t\t\t<\/div>\n\t\t<\/section>\n\t\t\t\t<section class=\"elementor-section elementor-top-section elementor-element elementor-element-110e12d elementor-section-boxed elementor-section-height-default elementor-section-height-default\" data-id=\"110e12d\" data-element_type=\"section\" data-e-type=\"section\">\n\t\t\t\t\t\t<div class=\"elementor-container elementor-column-gap-extended\">\n\t\t\t\t\t<div class=\"elementor-column elementor-col-33 elementor-top-column elementor-element elementor-element-41ebddf\" data-id=\"41ebddf\" data-element_type=\"column\" data-e-type=\"column\">\n\t\t\t<div class=\"elementor-widget-wrap elementor-element-populated\">\n\t\t\t\t\t\t<div class=\"elementor-element elementor-element-3e608e8 elementor-widget elementor-widget-heading\" data-id=\"3e608e8\" data-element_type=\"widget\" data-e-type=\"widget\" data-widget_type=\"heading.default\">\n\t\t\t\t<div class=\"elementor-widget-container\">\n\t\t\t\t\t<h4 class=\"elementor-heading-title elementor-size-default\">ENDERE\u00c7O 1<\/h4>\t\t\t\t<\/div>\n\t\t\t\t<\/div>\n\t\t\t\t<div class=\"elementor-element elementor-element-e549c47 elementor-widget elementor-widget-text-editor\" data-id=\"e549c47\" data-element_type=\"widget\" data-e-type=\"widget\" data-widget_type=\"text-editor.default\">\n\t\t\t\t<div class=\"elementor-widget-container\">\n\t\t\t\t\t\t\t\t\t<p>Estrada de Bel\u00e9m, 1418 &#8211; Campo Grande<br \/>Recife &#8211; PE<br \/>CEP: 52030-000<br \/><strong><br \/>TELEFONE\/WHATSAPP:<\/strong><br \/><a href=\"https:\/\/wa.me\/558132421122?text=Quero%20mais%20informa%C3%A7%C3%B5es%20...\" target=\"_blank\" rel=\"noopener\">\u260e <img decoding=\"async\" class=\"alignnone wp-image-2291\" src=\"https:\/\/www.mouravidros.com.br\/site\/wp-content\/uploads\/2020\/08\/whatsapp-48.png\" alt=\"\" width=\"20\" height=\"20\" \/>\u00a0(81) 3242-1122<\/a><\/p><p><strong>HOR\u00c1RIO FUNCIONAMENTO<\/strong><br \/>Segunda \u00e0 sexta das 8:00 \u00e0s 17:00h<br \/>S\u00e1bados das 8:00 \u00e0s 12:00h<\/p>\t\t\t\t\t\t\t\t<\/div>\n\t\t\t\t<\/div>\n\t\t\t\t\t<\/div>\n\t\t<\/div>\n\t\t\t\t<div class=\"elementor-column elementor-col-66 elementor-top-column elementor-element elementor-element-7802ba5\" data-id=\"7802ba5\" data-element_type=\"column\" data-e-type=\"column\">\n\t\t\t<div class=\"elementor-widget-wrap elementor-element-populated\">\n\t\t\t\t\t\t<div class=\"elementor-element elementor-element-994083b elementor-widget elementor-widget-google_maps\" data-id=\"994083b\" data-element_type=\"widget\" data-e-type=\"widget\" data-widget_type=\"google_maps.default\">\n\t\t\t\t<div class=\"elementor-widget-container\">\n\t\t\t\t\t\t\t<div class=\"elementor-custom-embed\">\n\t\t\t<iframe loading=\"lazy\"\n\t\t\t\t\tsrc=\"https:\/\/maps.google.com\/maps?q=Estr.%20de%20Bel%C3%A9m%2C%201418%20-%20Campo%20Grande%20Recife%20-%20PE%2052031-000&#038;t=m&#038;z=15&#038;output=embed&#038;iwloc=near\"\n\t\t\t\t\ttitle=\"Estr. de Bel\u00e9m, 1418 - Campo Grande Recife - PE 52031-000\"\n\t\t\t\t\taria-label=\"Estr. de Bel\u00e9m, 1418 - Campo Grande Recife - PE 52031-000\"\n\t\t\t><\/iframe>\n\t\t<\/div>\n\t\t\t\t\t\t<\/div>\n\t\t\t\t<\/div>\n\t\t\t\t\t<\/div>\n\t\t<\/div>\n\t\t\t\t\t<\/div>\n\t\t<\/section>\n\t\t\t\t<section class=\"elementor-section elementor-top-section elementor-element elementor-element-4678919 elementor-section-boxed elementor-section-height-default elementor-section-height-default\" data-id=\"4678919\" data-element_type=\"section\" data-e-type=\"section\">\n\t\t\t\t\t\t<div class=\"elementor-container elementor-column-gap-default\">\n\t\t\t\t\t<div class=\"elementor-column elementor-col-33 elementor-top-column elementor-element elementor-element-38ad31e\" data-id=\"38ad31e\" data-element_type=\"column\" data-e-type=\"column\">\n\t\t\t<div class=\"elementor-widget-wrap elementor-element-populated\">\n\t\t\t\t\t\t<div class=\"elementor-element elementor-element-f58ea11 elementor-widget elementor-widget-heading\" data-id=\"f58ea11\" data-element_type=\"widget\" data-e-type=\"widget\" data-widget_type=\"heading.default\">\n\t\t\t\t<div class=\"elementor-widget-container\">\n\t\t\t\t\t<h4 class=\"elementor-heading-title elementor-size-default\">MATRIZ<\/h4>\t\t\t\t<\/div>\n\t\t\t\t<\/div>\n\t\t\t\t<div class=\"elementor-element elementor-element-63ef115 elementor-widget elementor-widget-text-editor\" data-id=\"63ef115\" data-element_type=\"widget\" data-e-type=\"widget\" data-widget_type=\"text-editor.default\">\n\t\t\t\t<div class=\"elementor-widget-container\">\n\t\t\t\t\t\t\t\t\t<p>Rua Padre Muniz, 306 &#8211; S\u00e3o Jos\u00e9<br \/>Recife &#8211; PE<br \/>CEP: 50020-350<\/p><p><strong>TELEFONE\/WHATSAPP:<\/strong><br \/><a href=\"https:\/\/wa.me\/558132242947?text=Quero%20mais%20informa%C3%A7%C3%B5es%20...\" target=\"_blank\" rel=\"noopener\">\u260e <img decoding=\"async\" class=\"alignnone wp-image-2291\" src=\"https:\/\/www.mouravidros.com.br\/site\/wp-content\/uploads\/2020\/08\/whatsapp-48.png\" alt=\"\" width=\"20\" height=\"20\" \/> (81) 3224-2947<\/a><\/p><p><strong>HOR\u00c1RIO FUNCIONAMENTO<\/strong><br \/>Segunda \u00e0 sexta das 8:00 \u00e0s 17:30h<br \/>S\u00e1bados das 8:00 \u00e0s 12:00h<\/p>\t\t\t\t\t\t\t\t<\/div>\n\t\t\t\t<\/div>\n\t\t\t\t\t<\/div>\n\t\t<\/div>\n\t\t\t\t<div class=\"elementor-column elementor-col-66 elementor-top-column elementor-element elementor-element-d437d88\" data-id=\"d437d88\" data-element_type=\"column\" data-e-type=\"column\">\n\t\t\t<div class=\"elementor-widget-wrap elementor-element-populated\">\n\t\t\t\t\t\t<div class=\"elementor-element elementor-element-433aede elementor-widget elementor-widget-google_maps\" data-id=\"433aede\" data-element_type=\"widget\" data-e-type=\"widget\" data-widget_type=\"google_maps.default\">\n\t\t\t\t<div class=\"elementor-widget-container\">\n\t\t\t\t\t\t\t<div class=\"elementor-custom-embed\">\n\t\t\t<iframe loading=\"lazy\"\n\t\t\t\t\tsrc=\"https:\/\/maps.google.com\/maps?q=R.%20Padre%20Muniz%2C%20306%20-%20S%C3%A3o%20Jos%C3%A9%20Recife%20-%20PE%2050020-350&#038;t=m&#038;z=15&#038;output=embed&#038;iwloc=near\"\n\t\t\t\t\ttitle=\"R. Padre Muniz, 306 - S\u00e3o Jos\u00e9 Recife - PE 50020-350\"\n\t\t\t\t\taria-label=\"R. Padre Muniz, 306 - S\u00e3o Jos\u00e9 Recife - PE 50020-350\"\n\t\t\t><\/iframe>\n\t\t<\/div>\n\t\t\t\t\t\t<\/div>\n\t\t\t\t<\/div>\n\t\t\t\t\t<\/div>\n\t\t<\/div>\n\t\t\t\t\t<\/div>\n\t\t<\/section>\n\t\t\t\t<section class=\"elementor-section elementor-top-section elementor-element elementor-element-0be8f35 elementor-section-stretched elementor-section-full_width elementor-section-height-default elementor-section-height-default\" data-id=\"0be8f35\" data-element_type=\"section\" data-e-type=\"section\" data-settings=\"{&quot;background_background&quot;:&quot;gradient&quot;,&quot;stretch_section&quot;:&quot;section-stretched&quot;}\">\n\t\t\t\t\t\t<div class=\"elementor-container elementor-column-gap-default\">\n\t\t\t\t\t<div class=\"elementor-column elementor-col-33 elementor-top-column elementor-element elementor-element-40316f1\" data-id=\"40316f1\" data-element_type=\"column\" data-e-type=\"column\">\n\t\t\t<div class=\"elementor-widget-wrap elementor-element-populated\">\n\t\t\t\t\t\t<div class=\"elementor-element elementor-element-f9d3370 elementor-widget elementor-widget-text-editor\" data-id=\"f9d3370\" data-element_type=\"widget\" data-e-type=\"widget\" data-widget_type=\"text-editor.default\">\n\t\t\t\t<div class=\"elementor-widget-container\">\n\t\t\t\t\t\t\t\t\t<p><strong>NOSSOS TELEFONES<br \/><\/strong><\/p><p><a href=\"https:\/\/wa.me\/558132421122?text=Quero%20mais%20informa%C3%A7%C3%B5es%20...\" target=\"_blank\" rel=\"noopener\">\u260e <img decoding=\"async\" class=\"alignnone wp-image-2291\" src=\"https:\/\/www.mouravidros.com.br\/site\/wp-content\/uploads\/2020\/08\/whatsapp-48.png\" alt=\"\" width=\"20\" height=\"20\" \/>\u00a0(81) 3242-1122<\/a><br \/><a href=\"https:\/\/wa.me\/558132242947?text=Quero%20mais%20informa%C3%A7%C3%B5es%20...\" target=\"_blank\" rel=\"noopener\">\u260e <img decoding=\"async\" class=\"alignnone wp-image-2291\" src=\"https:\/\/www.mouravidros.com.br\/site\/wp-content\/uploads\/2020\/08\/whatsapp-48.png\" alt=\"\" width=\"20\" height=\"20\" \/> (81) 3224-2947<\/a><\/p>\t\t\t\t\t\t\t\t<\/div>\n\t\t\t\t<\/div>\n\t\t\t\t\t<\/div>\n\t\t<\/div>\n\t\t\t\t<div class=\"elementor-column elementor-col-33 elementor-top-column elementor-element elementor-element-e7fb515\" data-id=\"e7fb515\" data-element_type=\"column\" data-e-type=\"column\">\n\t\t\t<div class=\"elementor-widget-wrap\">\n\t\t\t\t\t\t\t<\/div>\n\t\t<\/div>\n\t\t\t\t<div class=\"elementor-column elementor-col-33 elementor-top-column elementor-element elementor-element-dd2276f\" data-id=\"dd2276f\" data-element_type=\"column\" data-e-type=\"column\">\n\t\t\t<div class=\"elementor-widget-wrap elementor-element-populated\">\n\t\t\t\t\t\t<div class=\"elementor-element elementor-element-7980d53 elementor-shape-rounded elementor-grid-0 e-grid-align-center elementor-widget elementor-widget-social-icons\" data-id=\"7980d53\" data-element_type=\"widget\" data-e-type=\"widget\" data-widget_type=\"social-icons.default\">\n\t\t\t\t<div class=\"elementor-widget-container\">\n\t\t\t\t\t\t\t<div class=\"elementor-social-icons-wrapper elementor-grid\" role=\"list\">\n\t\t\t\t\t\t\t<span class=\"elementor-grid-item\" role=\"listitem\">\n\t\t\t\t\t<a class=\"elementor-icon elementor-social-icon elementor-social-icon-youtube elementor-repeater-item-acdff3b\" target=\"_blank\">\n\t\t\t\t\t\t<span class=\"elementor-screen-only\">Youtube<\/span>\n\t\t\t\t\t\t<i aria-hidden=\"true\" class=\"fab fa-youtube\"><\/i>\t\t\t\t\t<\/a>\n\t\t\t\t<\/span>\n\t\t\t\t\t\t\t<span class=\"elementor-grid-item\" role=\"listitem\">\n\t\t\t\t\t<a class=\"elementor-icon elementor-social-icon elementor-social-icon-instagram elementor-repeater-item-d845861\" target=\"_blank\">\n\t\t\t\t\t\t<span class=\"elementor-screen-only\">Instagram<\/span>\n\t\t\t\t\t\t<i aria-hidden=\"true\" class=\"fab fa-instagram\"><\/i>\t\t\t\t\t<\/a>\n\t\t\t\t<\/span>\n\t\t\t\t\t\t\t<span class=\"elementor-grid-item\" role=\"listitem\">\n\t\t\t\t\t<a class=\"elementor-icon elementor-social-icon elementor-social-icon-facebook elementor-repeater-item-a901f3c\" target=\"_blank\">\n\t\t\t\t\t\t<span class=\"elementor-screen-only\">Facebook<\/span>\n\t\t\t\t\t\t<i aria-hidden=\"true\" class=\"fab fa-facebook\"><\/i>\t\t\t\t\t<\/a>\n\t\t\t\t<\/span>\n\t\t\t\t\t<\/div>\n\t\t\t\t\t\t<\/div>\n\t\t\t\t<\/div>\n\t\t\t\t<div class=\"elementor-element elementor-element-f8dcc14 elementor-widget elementor-widget-text-editor\" data-id=\"f8dcc14\" data-element_type=\"widget\" data-e-type=\"widget\" data-widget_type=\"text-editor.default\">\n\t\t\t\t<div class=\"elementor-widget-container\">\n\t\t\t\t\t\t\t\t\t<p>Todos Direitos Reservados \u00e0 MouraVidros<\/p>\t\t\t\t\t\t\t\t<\/div>\n\t\t\t\t<\/div>\n\t\t\t\t\t<\/div>\n\t\t<\/div>\n\t\t\t\t\t<\/div>\n\t\t<\/section>\n\t\t\t\t<\/div>\n\t\t","protected":false},"excerpt":{"rendered":"<p>NOSSOS PRODUTOS CONHE\u00c7A AS NOSSAS GARANTIAS GARANTIA DE PRODUTOS COM INSTALA\u00c7\u00c3O (veja detalhes)\u2192\u2192\u2192 GARANTIA ESPELHO (veja detalhes)\u2192\u2192\u2192 GARANTIA AJUSTES\/REGULAGEM E QUADROS (veja detalhes)\u2192\u2192\u2192 NOSSOS ENDERE\u00c7OS ENDERE\u00c7O 1 Estrada de Bel\u00e9m, 1418 &#8211; Campo GrandeRecife &#8211; PECEP: 52030-000TELEFONE\/WHATSAPP:\u260e \u00a0(81) 3242-1122 HOR\u00c1RIO FUNCIONAMENTOSegunda \u00e0 sexta das 8:00 \u00e0s 17:00hS\u00e1bados das 8:00 \u00e0s 12:00h MATRIZ Rua Padre Muniz, [&hellip;]<\/p>\n","protected":false},"author":1,"featured_media":0,"parent":0,"menu_order":0,"comment_status":"closed","ping_status":"closed","template":"elementor_canvas","meta":{"footnotes":""},"class_list":["post-2400","page","type-page","status-publish","hentry"],"_links":{"self":[{"href":"https:\/\/www.mouravidros.com.br\/site\/wp-json\/wp\/v2\/pages\/2400","targetHints":{"allow":["GET"]}}],"collection":[{"href":"https:\/\/www.mouravidros.com.br\/site\/wp-json\/wp\/v2\/pages"}],"about":[{"href":"https:\/\/www.mouravidros.com.br\/site\/wp-json\/wp\/v2\/types\/page"}],"author":[{"embeddable":true,"href":"https:\/\/www.mouravidros.com.br\/site\/wp-json\/wp\/v2\/users\/1"}],"replies":[{"embeddable":true,"href":"https:\/\/www.mouravidros.com.br\/site\/wp-json\/wp\/v2\/comments?post=2400"}],"version-history":[{"count":18,"href":"https:\/\/www.mouravidros.com.br\/site\/wp-json\/wp\/v2\/pages\/2400\/revisions"}],"predecessor-version":[{"id":2573,"href":"https:\/\/www.mouravidros.com.br\/site\/wp-json\/wp\/v2\/pages\/2400\/revisions\/2573"}],"wp:attachment":[{"href":"https:\/\/www.mouravidros.com.br\/site\/wp-json\/wp\/v2\/media?parent=2400"}],"curies":[{"name":"wp","href":"https:\/\/api.w.org\/{rel}","templated":true}]}}